{"id":2752,"date":"2016-06-11T14:25:44","date_gmt":"2016-06-11T13:25:44","guid":{"rendered":"https:\/\/ivkovickruc.hr\/index.php\/homepage-main\/"},"modified":"2025-02-19T15:26:31","modified_gmt":"2025-02-19T14:26:31","slug":"homepage-main","status":"publish","type":"page","link":"https:\/\/ivkovickruc.hr\/en\/","title":{"rendered":"Homepage &#8211; Main"},"content":{"rendered":"","protected":false},"excerpt":{"rendered":"","protected":false},"author":1,"featured_media":0,"parent":0,"menu_order":0,"comment_status":"closed","ping_status":"closed","template":"","meta":{"inline_featured_image":false,"footnotes":""},"yoast_head":"<!-- This site is optimized with the Yoast SEO plugin v21.7 - https:\/\/yoast.com\/wordpress\/plugins\/seo\/ -->\n<title>Odvjetni\u010dko dru\u0161tvo | Law firm<\/title>\n<meta name=\"description\" content=\"IVKOVI\u0106 &amp; KRUC Law Firm provides sophisticated legal services to high-profile international and Croatian clients pursuant to the highest international standards backed by both international and domestic legal experience.\" \/>\n<meta name=\"robots\" content=\"index, follow, max-snippet:-1, max-image-preview:large, max-video-preview:-1\" \/>\n<link rel=\"canonical\" href=\"https:\/\/ivkovickruc.hr\/en\/\" \/>\n<meta property=\"og:locale\" content=\"en_US\" \/>\n<meta property=\"og:type\" content=\"article\" \/>\n<meta property=\"og:title\" content=\"Odvjetni\u010dko dru\u0161tvo | Law firm\" \/>\n<meta property=\"og:description\" content=\"IVKOVI\u0106 &amp; KRUC Law Firm provides sophisticated legal services to high-profile international and Croatian clients pursuant to the highest international standards backed by both international and domestic legal experience.\" \/>\n<meta property=\"og:url\" content=\"https:\/\/ivkovickruc.hr\/en\/\" \/>\n<meta property=\"og:site_name\" content=\"Ivkovi\u0107 &amp; Kruc\" \/>\n<meta property=\"article:modified_time\" content=\"2025-02-19T14:26:31+00:00\" \/>\n<meta name=\"twitter:card\" content=\"summary_large_image\" \/>\n<meta name=\"twitter:label1\" content=\"Est. reading time\" \/>\n\t<meta name=\"twitter:data1\" content=\"2 minutes\" \/>\n<script type=\"application\/ld+json\" class=\"yoast-schema-graph\">{\"@context\":\"https:\/\/schema.org\",\"@graph\":[{\"@type\":\"WebPage\",\"@id\":\"https:\/\/ivkovickruc.hr\/en\/\",\"url\":\"https:\/\/ivkovickruc.hr\/en\/\",\"name\":\"Odvjetni\u010dko dru\u0161tvo | Law firm\",\"isPartOf\":{\"@id\":\"https:\/\/ivkovickruc.hr\/#website\"},\"datePublished\":\"2016-06-11T13:25:44+00:00\",\"dateModified\":\"2025-02-19T14:26:31+00:00\",\"description\":\"IVKOVI\u0106 & KRUC Law Firm provides sophisticated legal services to high-profile international and Croatian clients pursuant to the highest international standards backed by both international and domestic legal experience.\",\"breadcrumb\":{\"@id\":\"https:\/\/ivkovickruc.hr\/en\/#breadcrumb\"},\"inLanguage\":\"en-US\",\"potentialAction\":[{\"@type\":\"ReadAction\",\"target\":[\"https:\/\/ivkovickruc.hr\/en\/\"]}]},{\"@type\":\"BreadcrumbList\",\"@id\":\"https:\/\/ivkovickruc.hr\/en\/#breadcrumb\",\"itemListElement\":[{\"@type\":\"ListItem\",\"position\":1,\"name\":\"Home\",\"item\":\"https:\/\/ivkovickruc.hr\/en\/\"},{\"@type\":\"ListItem\",\"position\":2,\"name\":\"Homepage &#8211; Main\"}]},{\"@type\":\"WebSite\",\"@id\":\"https:\/\/ivkovickruc.hr\/#website\",\"url\":\"https:\/\/ivkovickruc.hr\/\",\"name\":\"Ivkovi\u0107 &amp; Kruc\",\"description\":\"Odvjetni\u010dko dru\u0161tvo | Law Firm\",\"potentialAction\":[{\"@type\":\"SearchAction\",\"target\":{\"@type\":\"EntryPoint\",\"urlTemplate\":\"https:\/\/ivkovickruc.hr\/?s={search_term_string}\"},\"query-input\":\"required name=search_term_string\"}],\"inLanguage\":\"en-US\"}]}<\/script>\n<!-- \/ Yoast SEO plugin. -->","yoast_head_json":{"title":"Odvjetni\u010dko dru\u0161tvo | Law firm","description":"IVKOVI\u0106 & KRUC Law Firm provides sophisticated legal services to high-profile international and Croatian clients pursuant to the highest international standards backed by both international and domestic legal experience.","robots":{"index":"index","follow":"follow","max-snippet":"max-snippet:-1","max-image-preview":"max-image-preview:large","max-video-preview":"max-video-preview:-1"},"canonical":"https:\/\/ivkovickruc.hr\/en\/","og_locale":"en_US","og_type":"article","og_title":"Odvjetni\u010dko dru\u0161tvo | Law firm","og_description":"IVKOVI\u0106 & KRUC Law Firm provides sophisticated legal services to high-profile international and Croatian clients pursuant to the highest international standards backed by both international and domestic legal experience.","og_url":"https:\/\/ivkovickruc.hr\/en\/","og_site_name":"Ivkovi\u0107 &amp; Kruc","article_modified_time":"2025-02-19T14:26:31+00:00","twitter_card":"summary_large_image","twitter_misc":{"Est. reading time":"2 minutes"},"schema":{"@context":"https:\/\/schema.org","@graph":[{"@type":"WebPage","@id":"https:\/\/ivkovickruc.hr\/en\/","url":"https:\/\/ivkovickruc.hr\/en\/","name":"Odvjetni\u010dko dru\u0161tvo | Law firm","isPartOf":{"@id":"https:\/\/ivkovickruc.hr\/#website"},"datePublished":"2016-06-11T13:25:44+00:00","dateModified":"2025-02-19T14:26:31+00:00","description":"IVKOVI\u0106 & KRUC Law Firm provides sophisticated legal services to high-profile international and Croatian clients pursuant to the highest international standards backed by both international and domestic legal experience.","breadcrumb":{"@id":"https:\/\/ivkovickruc.hr\/en\/#breadcrumb"},"inLanguage":"en-US","potentialAction":[{"@type":"ReadAction","target":["https:\/\/ivkovickruc.hr\/en\/"]}]},{"@type":"BreadcrumbList","@id":"https:\/\/ivkovickruc.hr\/en\/#breadcrumb","itemListElement":[{"@type":"ListItem","position":1,"name":"Home","item":"https:\/\/ivkovickruc.hr\/en\/"},{"@type":"ListItem","position":2,"name":"Homepage &#8211; Main"}]},{"@type":"WebSite","@id":"https:\/\/ivkovickruc.hr\/#website","url":"https:\/\/ivkovickruc.hr\/","name":"Ivkovi\u0107 &amp; Kruc","description":"Odvjetni\u010dko dru\u0161tvo | Law Firm","potentialAction":[{"@type":"SearchAction","target":{"@type":"EntryPoint","urlTemplate":"https:\/\/ivkovickruc.hr\/?s={search_term_string}"},"query-input":"required name=search_term_string"}],"inLanguage":"en-US"}]}},"_links":{"self":[{"href":"https:\/\/ivkovickruc.hr\/en\/wp-json\/wp\/v2\/pages\/2752"}],"collection":[{"href":"https:\/\/ivkovickruc.hr\/en\/wp-json\/wp\/v2\/pages"}],"about":[{"href":"https:\/\/ivkovickruc.hr\/en\/wp-json\/wp\/v2\/types\/page"}],"author":[{"embeddable":true,"href":"https:\/\/ivkovickruc.hr\/en\/wp-json\/wp\/v2\/users\/1"}],"replies":[{"embeddable":true,"href":"https:\/\/ivkovickruc.hr\/en\/wp-json\/wp\/v2\/comments?post=2752"}],"version-history":[{"count":3,"href":"https:\/\/ivkovickruc.hr\/en\/wp-json\/wp\/v2\/pages\/2752\/revisions"}],"predecessor-version":[{"id":2823,"href":"https:\/\/ivkovickruc.hr\/en\/wp-json\/wp\/v2\/pages\/2752\/revisions\/2823"}],"wp:attachment":[{"href":"https:\/\/ivkovickruc.hr\/en\/wp-json\/wp\/v2\/media?parent=2752"}],"curies":[{"name":"wp","href":"https:\/\/api.w.org\/{rel}","templated":true}]}}